{"id":1268,"date":"2023-10-06T08:59:39","date_gmt":"2023-10-06T06:59:39","guid":{"rendered":"https:\/\/www.inlinguamonza.it\/?page_id=1268"},"modified":"2023-10-06T09:50:20","modified_gmt":"2023-10-06T07:50:20","slug":"metodo-e-programmi","status":"publish","type":"page","link":"https:\/\/www.inlinguamonza.it\/?page_id=1268","title":{"rendered":"Metodo e programmi"},"content":{"rendered":"<p>[et_pb_section fb_built=&#8221;1&#8243; _builder_version=&#8221;4.22.2&#8243; _module_preset=&#8221;default&#8221; hover_enabled=&#8221;0&#8243; global_colors_info=&#8221;{}&#8221; link_option_url=&#8221;@ET-DC@eyJkeW5hbWljIjp0cnVlLCJjb250ZW50IjoicG9zdF9saW5rX3VybF9wYWdlIiwic2V0dGluZ3MiOnsicG9zdF9pZCI6IjEyNjgifX0=@&#8221; _dynamic_attributes=&#8221;link_option_url&#8221; sticky_enabled=&#8221;0&#8243;][et_pb_row _builder_version=&#8221;4.22.2&#8243; _module_preset=&#8221;default&#8221; global_colors_info=&#8221;{}&#8221;][et_pb_column type=&#8221;4_4&#8243; _builder_version=&#8221;4.22.2&#8243; _module_preset=&#8221;default&#8221; global_colors_info=&#8221;{}&#8221;][et_pb_text _builder_version=&#8221;4.22.2&#8243; header_font=&#8221;|on|||&#8221; header_font_size=&#8221;42px&#8221; header_line_height=&#8221;1.3em&#8221; text_orientation=&#8221;center&#8221; background_layout=&#8221;dark&#8221; max_width=&#8221;530px&#8221; module_alignment=&#8221;center&#8221; custom_margin=&#8221;||-10px|||&#8221; custom_padding=&#8221;|||&#8221; header_font_size_tablet=&#8221;&#8221; header_font_size_phone=&#8221;&#8221; header_font_size_last_edited=&#8221;on|desktop&#8221; locked=&#8221;off&#8221; inline_fonts=&#8221;Mali&#8221; global_colors_info=&#8221;{}&#8221;]<\/p>\n<blockquote>\n<h1><span style=\"text-decoration: underline; font-family: Mali; font-weight: normal; font-size: xx-large; color: #000000;\"><strong>IL METODO INLINGUA<\/strong><\/span><\/h1>\n<\/blockquote>\n<p>[\/et_pb_text][\/et_pb_column][\/et_pb_row][et_pb_row _builder_version=&#8221;4.22.2&#8243; _module_preset=&#8221;default&#8221; width=&#8221;65%&#8221; max_width=&#8221;1415px&#8221; module_alignment=&#8221;center&#8221; custom_margin=&#8221;|41px||52px|false|false&#8221; global_colors_info=&#8221;{}&#8221;][et_pb_column type=&#8221;4_4&#8243; _builder_version=&#8221;4.22.2&#8243; _module_preset=&#8221;default&#8221; global_colors_info=&#8221;{}&#8221;][et_pb_text _builder_version=&#8221;4.22.2&#8243; _module_preset=&#8221;default&#8221; width=&#8221;100%&#8221; custom_padding=&#8221;||0px|||&#8221; global_colors_info=&#8221;{}&#8221;]<\/p>\n<p style=\"text-align: justify;\"><span style=\"color: #000000;\">Lo studio di una lingua straniera rappresenta un elemento fondamentale per la crescita personale di ognuno. La pluriennale esperienza di inlingua costituisce un valido supporto per l\u2019elaborazione di un percorso formativo, mirato alla soddisfazione delle singole esigenze ed al raggiungimento dei risultati desiderati.<\/span><\/p>\n<p style=\"text-align: justify;\">\n<p style=\"text-align: justify;\"><span style=\"color: #000000;\"><strong><span style=\"color: #0c71c3;\">LE LINGUE SI IMPARANO PARLANDO<\/span><\/strong>: \u00e8 questo il principio base della didattica inlingua, che stimola la memoria determinando un riflesso spontaneo tra il pensiero e la parola.<\/span><\/p>\n<p style=\"text-align: justify;\"><span style=\"color: #000000;\">Attraverso il dialogo, l\u2019insegnante \u00e8 in rapporto costante con l\u2019allievo, lo stimola a parlare, scrivere e leggere, incentivando la sua capacit\u00e0 di apprendimento e di partecipazione. Senza trascurare la grammatica, la didattica \u00e8 principalmente orientata alla <strong>conversazione<\/strong>, per fornire le competenze attive e passive necessarie a svolgere le proprie mansioni in contesti professionali ed internazionali. Mediante verifiche periodiche, l\u2019insegnante valuta i <strong>progressi compiuti<\/strong> e individua le difficolt\u00e0, fino al raggiungimento dell\u2019obiettivo desiderato, a cui si aggiungeranno, a fine corso, indicazioni utili alla prosecuzione del percorso formativo.<\/span><\/p>\n<p style=\"text-align: justify;\"><span style=\"color: #000000;\">Prima dell\u2019inizio di ogni corso, un accurato Classification Test valuta l\u2019effettiva conoscenza della lingua, consentendo di formulare un piano di formazione linguistica ottimale e di identificare il livello obiettivo che si intende raggiungere.<\/span><\/p>\n<p style=\"text-align: justify;\"><span style=\"color: #000000;\"><\/span><\/p>\n<p style=\"text-align: center;\"><span style=\"text-decoration: underline; font-size: xx-large;\"><strong><span style=\"color: #000000; text-decoration: underline;\">LE 3 \u201cP\u201d<\/span><\/strong><\/span><\/p>\n<p style=\"text-align: justify;\"><span style=\"color: #000000;\">Le lezioni sono strutturate in modo che si susseguano tre importanti fasi, le \u201c<strong>3 P<\/strong>\u201d: <strong>P<\/strong>resentazione-<strong>P<\/strong>ratica-<strong>P<\/strong>roduzione, in cui lo studente ricopre un ruolo attivo in prima persona, monitorato dal docente.<\/span><span style=\"color: #000000;\"><\/span><\/p>\n<p style=\"text-align: justify;\"><span style=\"color: #000000;\">1)<\/span> <span style=\"color: #000000;\"><\/span><span style=\"color: #000000;\"><strong><u>Presentazione<\/u><\/strong>: l<\/span><span style=\"color: #000000;\">a fase di presentazione \u00e8 quanto breve possibile. In questa fase la figura pi\u00f9 importante \u00e8 il docente che focalizza l\u2019attenzione su di s\u00e9, introducendo un nuovo concetto, spiegando il suo significato e dando esempi d\u2019uso. Lo studente impara una corretta pronuncia e intonazione. Il docente coinvolge gli studenti facendo delle domande.<\/span><\/p>\n<p style=\"text-align: justify;\"><span style=\"color: #000000;\">2) <strong><u>Pratica<\/u><\/strong>: durante la fase di pratica gli studenti esercitano l\u2019espressione orale del concetto introdotto nella fase di presentazione sotto la guida e con le correzioni del professore. L\u2019obiettivo \u00e8 che gli studenti formino frasi corrette nella lingua straniera. Il compito del professore consiste nel far parlare lo studente coinvolgendolo e dirigendolo. Gli errori vengono corretti. Il professore deve fare in modo che tutti gli studenti sappiano produrre il nuovo concetto automaticamente, possibilmente senza errori e senza esitare.<\/span><\/p>\n<p style=\"text-align: justify;\"><span style=\"color: #000000;\">3)<\/span> <span style=\"color: #000000;\"><\/span><span style=\"color: #000000;\"><strong><u>Produzione<\/u><\/strong>: u<\/span><span style=\"color: #000000;\">na volta che gli studenti hanno imparato il nuovo concetto o la nuova struttura nella lingua straniera e sono in grado di usarli correttamente, \u00e8 venuto il momento di passare alla fase di produzione. Grazie alle due fasi precedenti, gli studenti possono controllare meglio ci\u00f2 che dicono e come lo dicono. La fase di produzione permette agli studenti di usare la lingua in modo pi\u00f9 creativo: combinando vecchi e nuovi concetti, parlando di loro stessi, facendo giochi di ruolo, risolvendo problemi, ecc. L\u2019accento viene posto sull\u2019uso della lingua in una determinata situazione e non sulla semplice ripetizione.<\/span><\/p>\n<p style=\"text-align: justify;\">\n<p style=\"text-align: justify;\">\n<p>[\/et_pb_text][\/et_pb_column][\/et_pb_row][\/et_pb_section]<\/p>\n","protected":false},"excerpt":{"rendered":"<p>IL METODO INLINGUA Lo studio di una lingua straniera rappresenta un elemento fondamentale per la crescita personale di ognuno. La pluriennale esperienza di inlingua costituisce un valido supporto per l\u2019elaborazione di un percorso formativo, mirato alla soddisfazione delle singole esigenze ed al raggiungimento dei risultati desiderati. LE LINGUE SI IMPARANO PARLANDO: \u00e8 questo il principio [&hellip;]<\/p>\n","protected":false},"author":3,"featured_media":0,"parent":0,"menu_order":0,"comment_status":"closed","ping_status":"closed","template":"","meta":{"_et_pb_use_builder":"on","_et_pb_old_content":"","_et_gb_content_width":"","footnotes":""},"class_list":["post-1268","page","type-page","status-publish","hentry"],"_links":{"self":[{"href":"https:\/\/www.inlinguamonza.it\/index.php?rest_route=\/wp\/v2\/pages\/1268","targetHints":{"allow":["GET"]}}],"collection":[{"href":"https:\/\/www.inlinguamonza.it\/index.php?rest_route=\/wp\/v2\/pages"}],"about":[{"href":"https:\/\/www.inlinguamonza.it\/index.php?rest_route=\/wp\/v2\/types\/page"}],"author":[{"embeddable":true,"href":"https:\/\/www.inlinguamonza.it\/index.php?rest_route=\/wp\/v2\/users\/3"}],"replies":[{"embeddable":true,"href":"https:\/\/www.inlinguamonza.it\/index.php?rest_route=%2Fwp%2Fv2%2Fcomments&post=1268"}],"version-history":[{"count":10,"href":"https:\/\/www.inlinguamonza.it\/index.php?rest_route=\/wp\/v2\/pages\/1268\/revisions"}],"predecessor-version":[{"id":1284,"href":"https:\/\/www.inlinguamonza.it\/index.php?rest_route=\/wp\/v2\/pages\/1268\/revisions\/1284"}],"wp:attachment":[{"href":"https:\/\/www.inlinguamonza.it\/index.php?rest_route=%2Fwp%2Fv2%2Fmedia&parent=1268"}],"curies":[{"name":"wp","href":"https:\/\/api.w.org\/{rel}","templated":true}]}}