{"id":1001,"date":"2022-06-24T18:42:07","date_gmt":"2022-06-24T16:42:07","guid":{"rendered":"https:\/\/www.inlinguamonza.it\/?page_id=1001"},"modified":"2023-10-06T11:24:42","modified_gmt":"2023-10-06T09:24:42","slug":"jobs-2","status":"publish","type":"page","link":"https:\/\/www.inlinguamonza.it\/?page_id=1001","title":{"rendered":"Jobs"},"content":{"rendered":"<p>[et_pb_section fb_built=&#8221;1&#8243; admin_label=&#8221;Pricing Hero&#8221; _builder_version=&#8221;4.16&#8243; use_background_color_gradient=&#8221;on&#8221; background_color_gradient_stops=&#8221;#0069b4 0%|#6fb1f8 100%&#8221; background_color_gradient_start=&#8221;#0069b4&#8243; background_color_gradient_end=&#8221;#6fb1f8&#8243; background_enable_image=&#8221;off&#8221; background_blend=&#8221;multiply&#8221; custom_padding=&#8221;0px|0px|0px|0px||&#8221; animation_style=&#8221;slide&#8221; animation_direction=&#8221;top&#8221; animation_intensity_slide=&#8221;2%&#8221; box_shadow_style=&#8221;preset7&#8243; box_shadow_horizontal=&#8221;0px&#8221; box_shadow_vertical=&#8221;-200px&#8221; box_shadow_color=&#8221;#ffffff&#8221; locked=&#8221;off&#8221; global_colors_info=&#8221;{}&#8221;][et_pb_row _builder_version=&#8221;4.16&#8243; custom_margin=&#8221;|||&#8221; custom_padding=&#8221;231px|0px|30px|0px||&#8221; custom_width_px=&#8221;1280px&#8221; global_colors_info=&#8221;{}&#8221;][et_pb_column type=&#8221;4_4&#8243; _builder_version=&#8221;4.16&#8243; custom_padding=&#8221;|||&#8221; global_colors_info=&#8221;{}&#8221; custom_padding__hover=&#8221;|||&#8221;][et_pb_text _builder_version=&#8221;4.16&#8243; header_font=&#8221;|on|||&#8221; header_font_size=&#8221;42px&#8221; header_line_height=&#8221;1.3em&#8221; text_orientation=&#8221;center&#8221; background_layout=&#8221;dark&#8221; max_width=&#8221;683px&#8221; module_alignment=&#8221;center&#8221; min_height=&#8221;21.2px&#8221; custom_margin=&#8221;-217px|||||&#8221; custom_padding=&#8221;||0px|||&#8221; header_font_size_tablet=&#8221;&#8221; header_font_size_phone=&#8221;&#8221; header_font_size_last_edited=&#8221;on|desktop&#8221; locked=&#8221;off&#8221; global_colors_info=&#8221;{}&#8221;]<\/p>\n<h1><span style=\"color: #0c71c3;\"><span style=\"color: #ffffff;\">LAVORA CON NOI &#8211; WORK WITH US<\/span><\/span><\/h1>\n<p>&nbsp;<\/p>\n<p>&nbsp;<\/p>\n<p>[\/et_pb_text][et_pb_blurb url=&#8221;#&#8221; icon_placement=&#8221;left&#8221; content_max_width=&#8221;1100px&#8221; _builder_version=&#8221;4.22.2&#8243; header_font=&#8221;|on|||&#8221; header_text_color=&#8221;#2e2545&#8243; header_line_height=&#8221;1.5em&#8221; body_text_color=&#8221;#565656&#8243; body_font_size=&#8221;16px&#8221; body_line_height=&#8221;1.9em&#8221; background_color=&#8221;#ffffff&#8221; background_size=&#8221;initial&#8221; background_position=&#8221;top_left&#8221; background_repeat=&#8221;repeat&#8221; min_height=&#8221;936px&#8221; height=&#8221;129px&#8221; max_height=&#8221;598px&#8221; custom_margin=&#8221;-95px|100px|-321px|180px|false|false&#8221; custom_margin_tablet=&#8221;&#8221; custom_margin_phone=&#8221;0px||||false|false&#8221; custom_margin_last_edited=&#8221;on|phone&#8221; custom_padding=&#8221;12px|40px|0px|40px||&#8221; animation_style=&#8221;fade&#8221; animation_direction=&#8221;bottom&#8221; hover_enabled=&#8221;0&#8243; border_width_all=&#8221;1px&#8221; border_color_all=&#8221;#E09900&#8243; box_shadow_style=&#8221;preset4&#8243; box_shadow_color=&#8221;#E09900&#8243; locked=&#8221;off&#8221; global_colors_info=&#8221;{}&#8221; sticky_enabled=&#8221;0&#8243;]<\/p>\n<p><span style=\"color: #000000;\">INSEGNANTI MADRELINGUA (or perfectly bi-lingual)<\/span><\/p>\n<ul>\n<li><span style=\"color: #000000;\">Sei una persona positiva, entusiasta e dinamica?<\/span><\/li>\n<li><span style=\"color: #000000;\">L\u2019insegnamento \u00e8 la tua passione?<\/span><\/li>\n<li><span style=\"color: #000000;\">Sei madrelingua o in possesso di una certificazione che attesti il tuo bilinguismo?<\/span><\/li>\n<li><span style=\"color: #000000;\">Sei alla ricerca di una posizione che ti permetta una formazione e una crescita continuative?<\/span><\/li>\n<li><span style=\"color: #000000;\">Vuoi lavorare per un\u2019azienda che ti valorizzi come individuo?<\/span><\/li>\n<li><span style=\"color: #000000;\">Vuoi entrare a far parte di un team impegnato, dinamico e in continua espansione?<\/span><\/li>\n<\/ul>\n<p><span style=\"color: #000000;\">Se queste caratteristiche ti appartengono, speriamo di incontrarti presto! Tieni presente che questi sono i requisiti di un candidato ideale, ma considereremo anche profili che rispondano ad almeno una buona parte dei criteri.<\/span><\/p>\n<p><span style=\"color: #000000;\">Ad inlingua ci impegniamo affinch\u00e9 ogni individuo si realizzi il pi\u00f9 possibile e ci sono reali opportunit\u00e0 di crescita e sviluppo. I nostri docenti frequentano un corso di formazione totalmente gratuito, grazie al quale possono imparare tutto ci\u00f2 di cui hanno bisogno per insegnare ad inlingua.<\/span><\/p>\n<p><span style=\"color: #000000;\">___________________________________________________________________________<\/span><\/p>\n<p><span style=\"color: #000000;\">NATIVE TEACHERS\u00a0<\/span><\/p>\n<ul>\n<li><span style=\"color: #000000;\">Are you an enthusiastic, dynamic, friendly and positive person?<\/span><\/li>\n<li><span style=\"color: #000000;\">Do you genuinely enjoy teaching?<\/span><\/li>\n<li><span style=\"color: #000000;\">Are you a native-level English speaker or have a TEFL\/PROFICIENCY Certification?<\/span><\/li>\n<li><span style=\"color: #000000;\">Do you have a Bachelor\u2019s Degree?<\/span><\/li>\n<li><span style=\"color: #000000;\">Are you looking for a position where you will receive on-going training and development?<\/span><\/li>\n<li><span style=\"color: #000000;\">Do you want to work for an organization that values you as an individual?<\/span><\/li>\n<li><span style=\"color: #000000;\">Do you want to be a part of an engaged, dynamic and expanding team?<\/span><\/li>\n<\/ul>\n<p><span style=\"color: #000000;\">If this sounds like you, we\u2019d very much like to hear from you soon. Please bear in mind that the above qualities are for the ideal candidate, we will consider applications from teachers who fulfill most of the criteria.<\/span><\/p>\n<p><span style=\"color: #000000;\">At inlingua we are committed to helping each individual achieve as much as possible and there are real opportunities for career development within teaching and teacher training. All applicants attend a period of training, where they learn everything they need to know about teaching for Inlingua.<\/span><\/p>\n<p><span style=\"color: #000000;\">Please send your cv to info@inlinguamonza.it<\/span><\/p>\n<p>[\/et_pb_blurb][\/et_pb_column][\/et_pb_row][\/et_pb_section][et_pb_section fb_built=&#8221;1&#8243; admin_label=&#8221;Become an Expert&#8221; _builder_version=&#8221;4.16&#8243; use_background_color_gradient=&#8221;on&#8221; background_color_gradient_stops=&#8221;#343f87 0%|#6fc2f2 100%&#8221; background_color_gradient_start=&#8221;#343f87&#8243; background_color_gradient_end=&#8221;#6fc2f2&#8243; background_image=&#8221;http:\/\/inlinguamonza.it\/wp-content\/uploads\/2021\/07\/coding-background-texture.jpg&#8221; background_blend=&#8221;overlay&#8221; min_height=&#8221;312px&#8221; custom_padding=&#8221;29px|0px|0px|0px||&#8221; global_colors_info=&#8221;{}&#8221;][\/et_pb_section]<\/p>\n","protected":false},"excerpt":{"rendered":"<p>LAVORA CON NOI &#8211; WORK WITH US &nbsp; &nbsp;INSEGNANTI MADRELINGUA (or perfectly bi-lingual) Sei una persona positiva, entusiasta e dinamica? L\u2019insegnamento \u00e8 la tua passione? Sei madrelingua o in possesso di una certificazione che attesti il tuo bilinguismo? Sei alla ricerca di una posizione che ti permetta una formazione e una crescita continuative? Vuoi lavorare [&hellip;]<\/p>\n","protected":false},"author":3,"featured_media":0,"parent":0,"menu_order":0,"comment_status":"closed","ping_status":"closed","template":"","meta":{"_et_pb_use_builder":"on","_et_pb_old_content":"","_et_gb_content_width":"","footnotes":""},"class_list":["post-1001","page","type-page","status-publish","hentry"],"_links":{"self":[{"href":"https:\/\/www.inlinguamonza.it\/index.php?rest_route=\/wp\/v2\/pages\/1001","targetHints":{"allow":["GET"]}}],"collection":[{"href":"https:\/\/www.inlinguamonza.it\/index.php?rest_route=\/wp\/v2\/pages"}],"about":[{"href":"https:\/\/www.inlinguamonza.it\/index.php?rest_route=\/wp\/v2\/types\/page"}],"author":[{"embeddable":true,"href":"https:\/\/www.inlinguamonza.it\/index.php?rest_route=\/wp\/v2\/users\/3"}],"replies":[{"embeddable":true,"href":"https:\/\/www.inlinguamonza.it\/index.php?rest_route=%2Fwp%2Fv2%2Fcomments&post=1001"}],"version-history":[{"count":7,"href":"https:\/\/www.inlinguamonza.it\/index.php?rest_route=\/wp\/v2\/pages\/1001\/revisions"}],"predecessor-version":[{"id":1297,"href":"https:\/\/www.inlinguamonza.it\/index.php?rest_route=\/wp\/v2\/pages\/1001\/revisions\/1297"}],"wp:attachment":[{"href":"https:\/\/www.inlinguamonza.it\/index.php?rest_route=%2Fwp%2Fv2%2Fmedia&parent=1001"}],"curies":[{"name":"wp","href":"https:\/\/api.w.org\/{rel}","templated":true}]}}